{"id":5760,"date":"2022-08-26T09:57:16","date_gmt":"2022-08-26T09:57:16","guid":{"rendered":"https:\/\/www.hazelnutrepublic.com\/?page_id=5760"},"modified":"2022-08-26T10:49:07","modified_gmt":"2022-08-26T10:49:07","slug":"cerez-politikasi","status":"publish","type":"page","link":"https:\/\/hazelnutrepublic.com\/en\/cerez-politikasi\/","title":{"rendered":"COOKIE POLICY1"},"content":{"rendered":"\t\t<div data-elementor-type=\"wp-page\" data-elementor-id=\"5760\" class=\"elementor elementor-5760\">\n\t\t\t\t\t\t\t\t\t<section class=\"elementor-section elementor-top-section elementor-element elementor-element-6b056073 elementor-section-boxed elementor-section-height-default elementor-section-height-default\" data-id=\"6b056073\" data-element_type=\"section\">\n\t\t\t\t\t\t<div class=\"elementor-container elementor-column-gap-default\">\n\t\t\t\t\t<div class=\"elementor-column elementor-col-100 elementor-top-column elementor-element elementor-element-3b338e22\" data-id=\"3b338e22\" data-element_type=\"column\">\n\t\t\t<div class=\"elementor-widget-wrap elementor-element-populated\">\n\t\t\t\t\t\t\t\t<div class=\"elementor-element elementor-element-616cae32 elementor-widget elementor-widget-text-editor\" data-id=\"616cae32\" data-element_type=\"widget\" data-widget_type=\"text-editor.default\">\n\t\t\t\t<div class=\"elementor-widget-container\">\n\t\t\t<style>\/*! elementor - v3.7.0 - 08-08-2022 *\/\n.elementor-widget-text-editor.elementor-drop-cap-view-stacked .elementor-drop-cap{background-color:#818a91;color:#fff}.elementor-widget-text-editor.elementor-drop-cap-view-framed .elementor-drop-cap{color:#818a91;border:3px solid;background-color:transparent}.elementor-widget-text-editor:not(.elementor-drop-cap-view-default) .elementor-drop-cap{margin-top:8px}.elementor-widget-text-editor:not(.elementor-drop-cap-view-default) .elementor-drop-cap-letter{width:1em;height:1em}.elementor-widget-text-editor .elementor-drop-cap{float:left;text-align:center;line-height:1;font-size:50px}.elementor-widget-text-editor .elementor-drop-cap-letter{display:inline-block}<\/style>\t\t\t\t<p><strong>G\u0130ZL\u0130L\u0130K VE YASAL UYARILAR<\/strong><\/p><p><strong>\u00a0<\/strong><\/p><ul><li>Hakk\u0131n\u0131zdaki bilgilerin nas\u0131l kullan\u0131ld\u0131\u011f\u0131n\u0131 ve payla\u015f\u0131ld\u0131\u011f\u0131n\u0131 \u00f6nemsedi\u011finizi biliyoruz ve bunu dikkatli ve duyarl\u0131 bir \u015fekilde sa\u011flamam\u0131z konusunda bize g\u00f6sterdi\u011finiz g\u00fcveni takdir ediyoruz. \u0130nternet sitemiz \u00fczerinden iletti\u011finiz ki\u015fisel bilgileri, mevzuata ve Ayd\u0131nlatma Metni ile belirlenen ama\u00e7lar ve kapsam d\u0131\u015f\u0131nda kullanmayacak, ayr\u0131ca izinsiz olarak \u00fc\u00e7\u00fcnc\u00fc ki\u015filerle payla\u015fmayaca\u011f\u0131z. Her Kullan\u0131c\u0131, internet sitemizi ziyaret ederek, gizlilik ve yasal uyar\u0131 h\u00fck\u00fcmlerini kabul etmi\u015f say\u0131lacakt\u0131r.<\/li><\/ul><ul><li>\u0130\u015fimiz s\u00fcrekli olarak de\u011fi\u015fti\u011finden ve gizlilik ve yasal uyar\u0131 bildirimlerimiz de buna uygun olarak de\u011fi\u015fecektir. Ge\u00e7erli olan son de\u011fi\u015fiklikleri g\u00f6rmek i\u00e7in internet sitemizi s\u0131k s\u0131k kontrol etmeniz gerekir. Aksi belirtilmedi\u011fi takdirde, g\u00fcncel bildirimlerimiz, siz ve hesab\u0131n\u0131z hakk\u0131nda sahip oldu\u011fumuz t\u00fcm ki\u015fisel bilgiler i\u00e7in ge\u00e7erlidir. Verdi\u011fimiz s\u00f6zlerin arkas\u0131nday\u0131z ve etkilenen m\u00fc\u015fterilerin onay\u0131 olmadan, ge\u00e7mi\u015fte toplad\u0131\u011f\u0131m\u0131z m\u00fc\u015fteri bilgilerini asla daha az korunur hale getirecek \u015fekilde politikalar\u0131m\u0131z\u0131 ve uygulamalar\u0131m\u0131z\u0131 esasl\u0131 bir \u015fekilde de\u011fi\u015ftirmeyece\u011fiz.<\/li><\/ul><ul><li>Hazelnut Republic bu internet sitesini bilgilendirme amac\u0131yla haz\u0131rlam\u0131\u015ft\u0131r. Bu internet sitesindeki bilgiler ve baz\u0131 dok\u00fcmanlar g\u00fcncelli\u011fini yitirmi\u015f olabilir. Hazelnut Republic bu bilgileri g\u00fcncelleyece\u011fine dair herhangi bir taahh\u00fct vermemektedir. Hazelnut Republic, bu bilgilerin herhangi bir ama\u00e7 i\u00e7in uygun olarak kullanabilece\u011fi, do\u011frulu\u011fu, eksiksiz olmas\u0131, performans\u0131, g\u00fcncelli\u011fi veya g\u00fcvenirli\u011fi hakk\u0131nda hi\u00e7bir taahh\u00fct veya garanti vermemektedir. Gecikmeler ve eksik veya hatal\u0131 bilgilerden internet sitesinin kullan\u0131m\u0131nda do\u011fabilecek zarar veya hasarlardan Hazelnut Republic hi\u00e7bir sorumluluk kabul etmemektedir.<\/li><\/ul><ul><li>Hazelnut Republic y\u00f6netiminden izin al\u0131nmad\u0131k\u00e7a hi\u00e7bir logo, grafik, tasar\u0131m, ikon, veri, \u00fcr\u00fcn ad\u0131, ticari marka veya hak sahibi bulundu\u011fumuz bilgi \u00fc\u00e7\u00fcnc\u00fc ki\u015filerce ba\u015fka ama\u00e7la kullan\u0131lamaz.<\/li><\/ul><p><strong>\u00a0<\/strong><\/p><ul><li>Hazelnut Republic\u2019in ald\u0131\u011f\u0131 t\u00fcm g\u00fcvenlik \u00f6nlemlerinin yan\u0131 s\u0131ra siz kullan\u0131c\u0131lar\u0131n da baz\u0131 g\u00fcvenlik tedbirlerini almas\u0131 \u00f6nemlidir. Taray\u0131c\u0131n\u0131z\u0131n g\u00fcvenlik ayarlar\u0131n\u0131n en \u00fcst seviyede ve g\u00fcncel olmas\u0131, gerekli antivir\u00fcs vb. yaz\u0131l\u0131mlar\u0131n y\u00fcklenmesi, \u015fifrelerinizi ya da \u00f6nemli ki\u015fisel bilgilerinizi bilgisayar\u0131n\u0131zda yaz\u0131l\u0131 olarak bulundurmaman\u0131z gibi.<\/li><\/ul><ul><li>Hazelnut Republic hizmetlerine olan eri\u015fiminiz, onar\u0131mlar, bak\u0131m yap\u0131lmas\u0131 veya yeni \u00f6zellikler veya hizmetlerin devreye sokulmas\u0131 i\u00e7in muhtelif zamanlarda ask\u0131ya al\u0131nabilir veya k\u0131s\u0131tlanabilir. Bu t\u00fcr ask\u0131ya alma veya k\u0131s\u0131tlaman\u0131n s\u0131kl\u0131\u011f\u0131n\u0131 ve s\u00fcresini s\u0131n\u0131rlamaya \u00e7al\u0131\u015faca\u011f\u0131z. Ancak yine de bizim makul kontrol\u00fcm\u00fcz d\u0131\u015f\u0131nda herhangi bir sebepten dolay\u0131 bu ko\u015fullarda yer alan y\u00fck\u00fcml\u00fcl\u00fcklerimizi yerine getirmede bir gecikme veya bu y\u00fck\u00fcml\u00fcl\u00fckleri yerine getirmeme s\u00f6z konusu olursa, bu gecikme veya y\u00fck\u00fcml\u00fcl\u00fckleri yerine getirmeme durumundan sorumlu olmayaca\u011f\u0131z.<\/li><\/ul><p><strong>\u00a0<\/strong><\/p><ul><li>Hazelnut Republic\u2019in burada a\u00e7\u0131k\u00e7a belirtilmeyen di\u011fer t\u00fcm haklar\u0131 sakl\u0131d\u0131r.<\/li><\/ul><p>\u00a0<\/p><p><strong>\u00c7EREZ POL\u0130T\u0130KASI<\/strong><\/p><p><strong>\u00a0<\/strong><\/p><ol><li><strong>\u00c7erezler Nedir ve neden \u00e7erez kullan\u0131l\u0131yor?<\/strong><\/li><\/ol><p><strong>\u00a0<\/strong>Beykoz Nuts Kuruyemi\u015f A.\u015e <strong>(\u201cHazelnut Republic\u201d)<\/strong>\u00a0olarak, siz kullan\u0131c\u0131lar\u0131m\u0131z\u0131n hizmetlerimizden g\u00fcvenli ve eksiksiz \u015fekilde faydalanabilmeniz i\u00e7in gizlili\u011finizi korumak i\u00e7in \u00e7al\u0131\u015f\u0131yoruz.<\/p><p>Bir\u00e7ok web sitesinde oldu\u011fu gibi, Hazelnut Republic olarak, ba\u015fta doland\u0131r\u0131c\u0131l\u0131\u011f\u0131 \u00f6nleme ve g\u00fcvenlik ama\u00e7lar\u0131 dahil olmak \u00fczere, ziyaret\u00e7ilerimize ki\u015fisel i\u00e7erik ve reklamlar g\u00f6stermek, site i\u00e7inde analitik faaliyetler ger\u00e7ekle\u015ftirmek, al\u0131\u015fveri\u015f deneyiminizi geli\u015ftirmek, hizmetlerimizi sunmak, hizmetlerimizi nas\u0131l kulland\u0131\u011f\u0131n\u0131z\u0131 anlayarak iyile\u015ftirmeler yapabilmek ve kullan\u0131m al\u0131\u015fkanl\u0131klar\u0131n\u0131z\u0131 takip etmek amac\u0131yla \u00c7erezler kullanmaktay\u0131z.<\/p><p>\u0130\u015fbu \u00c7erez Politikas\u0131 www.hazelnutrepublic.com Gizlilik Politikas\u0131\u2019n\u0131n ayr\u0131lmaz bir par\u00e7as\u0131d\u0131r.<\/p><p>Hazelnut Republic, bu \u00c7erez Politikas\u0131\u2019n\u0131\u00a0<strong>(\u201cPolitika\u201d)<\/strong>\u00a0Site\u2019de hangi \u00c7erezlerin kullan\u0131ld\u0131\u011f\u0131n\u0131 ve kullan\u0131c\u0131lar\u0131n bu konudaki tercihlerini nas\u0131l y\u00f6netebilece\u011fini a\u00e7\u0131klamak amac\u0131yla haz\u0131rlam\u0131\u015ft\u0131r.<\/p><p>\u00c7erezler, ziyaret etti\u011finiz internet siteleri taraf\u0131ndan taray\u0131c\u0131lar arac\u0131l\u0131\u011f\u0131yla cihaz\u0131n\u0131za veya a\u011f sunucusuna depolanan k\u00fc\u00e7\u00fck metin dosyalar\u0131d\u0131r. \u00c7erezler, ziyaret etti\u011finiz web sitesiyle ili\u015fkili sunucular taraf\u0131ndan olu\u015fturulurlar. B\u00f6ylelikle ziyaret\u00e7i ayn\u0131 siteyi ziyaret etti\u011finde sunucu bunu anlayabilir.<\/p><p>\u00c7erezler, bilgisayar\u0131n\u0131za zarar vermez ve ziyaret\u00e7ilere ili\u015fkin isim, cinsiyet, adres gibi ki\u015fisel verileri veya vir\u00fcs i\u00e7ermezler.<\/p><ol start=\"2\"><li><strong>Ne T\u00fcr (Hangi) \u00c7erezler Kullan\u0131l\u0131yor?<\/strong><\/li><\/ol><ul><li>\u0130nternet sitemizde kullan\u0131m ama\u00e7lar\u0131na g\u00f6re, zorunlu\/teknik \u00e7erezler, do\u011frulama \u00e7erezleri, hedefleme\/reklam \u00e7erezleri, ki\u015fiselle\u015ftirme \u00e7erezleri ve analitik \u00e7erezler kullan\u0131lmaktad\u0131r.<\/li><\/ul><ol start=\"3\"><li><strong>\u00c7erez Kullan\u0131m\u0131n\u0131 Nas\u0131l Engelleyebilir veya S\u0131n\u0131rland\u0131rabilirsiniz?<\/strong><\/li><\/ol><ul><li>\u00c7erezlerin kullan\u0131m\u0131na ili\u015fkin tercihlerinizi de\u011fi\u015ftirmek ya da \u00e7erezleri engellemek veya silmek i\u00e7in taray\u0131c\u0131n\u0131z\u0131n ayarlar\u0131n\u0131 de\u011fi\u015ftirmeniz yeterlidir. Bir\u00e7ok taray\u0131c\u0131 \u00e7erezleri kontrol edebilmeniz i\u00e7in size \u00e7erezleri kabul etme veya reddetme, yaln\u0131zca belirli t\u00fcrdeki \u00e7erezleri kabul etme ya da bir web sitesine veya cihaz\u0131n\u0131za \u00e7erez depolamay\u0131 talep etti\u011finde taray\u0131c\u0131 taraf\u0131ndan uyar\u0131lma se\u00e7ene\u011fi sunar. Ayn\u0131 zamanda daha \u00f6nce taray\u0131c\u0131n\u0131za kaydedilmi\u015f \u00e7erezlerin silinmesi de m\u00fcmk\u00fcnd\u00fcr. Ancak \u00e7erezleri silmeniz ve ilerideki \u00e7erezlerin bilgisayar\u0131n\u0131za indirilmesini engellemeniz durumunda \u00f6zelliklerimizin baz\u0131lar\u0131na ula\u015famayaca\u011f\u0131n\u0131z\u0131 hat\u0131rlatmak isteriz.<\/li><\/ul><p>\u00c7erezleri devre d\u0131\u015f\u0131 b\u0131rak\u0131r veya reddederseniz, hesab\u0131n\u0131z\u0131\/hesaplar\u0131n\u0131z\u0131 tan\u0131yamayaca\u011f\u0131m\u0131z ve ili\u015fkilendiremeyece\u011fimiz i\u00e7in web sitelerimizdeki baz\u0131 \u00f6zelliklerin ve hizmetlerin d\u00fczg\u00fcn \u00e7al\u0131\u015fmayaca\u011f\u0131n\u0131 belirtmek isteriz.<\/p>\t\t\t\t\t\t<\/div>\n\t\t\t\t<\/div>\n\t\t\t\t\t<\/div>\n\t\t<\/div>\n\t\t\t\t\t\t\t<\/div>\n\t\t<\/section>\n\t\t\t\t\t\t\t<\/div>\n\t\t","protected":false},"excerpt":{"rendered":"","protected":false},"author":1,"featured_media":0,"parent":0,"menu_order":0,"comment_status":"closed","ping_status":"closed","template":"","meta":{"footnotes":""},"class_list":["post-5760","page","type-page","status-publish","hentry"],"_links":{"self":[{"href":"https:\/\/hazelnutrepublic.com\/en\/wp-json\/wp\/v2\/pages\/5760","targetHints":{"allow":["GET"]}}],"collection":[{"href":"https:\/\/hazelnutrepublic.com\/en\/wp-json\/wp\/v2\/pages"}],"about":[{"href":"https:\/\/hazelnutrepublic.com\/en\/wp-json\/wp\/v2\/types\/page"}],"author":[{"embeddable":true,"href":"https:\/\/hazelnutrepublic.com\/en\/wp-json\/wp\/v2\/users\/1"}],"replies":[{"embeddable":true,"href":"https:\/\/hazelnutrepublic.com\/en\/wp-json\/wp\/v2\/comments?post=5760"}],"version-history":[{"count":2,"href":"https:\/\/hazelnutrepublic.com\/en\/wp-json\/wp\/v2\/pages\/5760\/revisions"}],"predecessor-version":[{"id":5762,"href":"https:\/\/hazelnutrepublic.com\/en\/wp-json\/wp\/v2\/pages\/5760\/revisions\/5762"}],"wp:attachment":[{"href":"https:\/\/hazelnutrepublic.com\/en\/wp-json\/wp\/v2\/media?parent=5760"}],"curies":[{"name":"wp","href":"https:\/\/api.w.org\/{rel}","templated":true}]}}