{"id":4095,"date":"2022-01-12T05:11:22","date_gmt":"2022-01-12T05:11:22","guid":{"rendered":"https:\/\/restro.themechampion.com\/?page_id=3"},"modified":"2022-08-17T12:27:11","modified_gmt":"2022-08-17T12:27:11","slug":"kvkk","status":"publish","type":"page","link":"https:\/\/hazelnutrepublic.com\/en\/kvkk\/","title":{"rendered":""},"content":{"rendered":"\t\t<div data-elementor-type=\"wp-page\" data-elementor-id=\"4095\" class=\"elementor elementor-4095\">\n\t\t\t\t\t\t\t\t\t<section class=\"elementor-section elementor-top-section elementor-element elementor-element-4f88b7e7 elementor-section-boxed elementor-section-height-default elementor-section-height-default\" data-id=\"4f88b7e7\" data-element_type=\"section\">\n\t\t\t\t\t\t<div class=\"elementor-container elementor-column-gap-default\">\n\t\t\t\t\t<div class=\"elementor-column elementor-col-100 elementor-top-column elementor-element elementor-element-5248d1b8\" data-id=\"5248d1b8\" data-element_type=\"column\">\n\t\t\t<div class=\"elementor-widget-wrap elementor-element-populated\">\n\t\t\t\t\t\t\t\t<div class=\"elementor-element elementor-element-184acf8a elementor-widget elementor-widget-text-editor\" data-id=\"184acf8a\" data-element_type=\"widget\" data-widget_type=\"text-editor.default\">\n\t\t\t\t<div class=\"elementor-widget-container\">\n\t\t\t<style>\/*! elementor - v3.7.0 - 08-08-2022 *\/\n.elementor-widget-text-editor.elementor-drop-cap-view-stacked .elementor-drop-cap{background-color:#818a91;color:#fff}.elementor-widget-text-editor.elementor-drop-cap-view-framed .elementor-drop-cap{color:#818a91;border:3px solid;background-color:transparent}.elementor-widget-text-editor:not(.elementor-drop-cap-view-default) .elementor-drop-cap{margin-top:8px}.elementor-widget-text-editor:not(.elementor-drop-cap-view-default) .elementor-drop-cap-letter{width:1em;height:1em}.elementor-widget-text-editor .elementor-drop-cap{float:left;text-align:center;line-height:1;font-size:50px}.elementor-widget-text-editor .elementor-drop-cap-letter{display:inline-block}<\/style>\t\t\t\t<p><strong>K\u0130\u015e\u0130SEL VER\u0130LER\u0130N KORUNMASI KANUNU VE \u0130LG\u0130L\u0130 MEVZUAT UYARINCA<\/strong><\/p><p><strong>AYDINLATMA METN\u0130<\/strong><\/p><p><strong>\u00a0<\/strong><\/p><ol><li><strong>Veri Sorumlusunun Kimli\u011fi<\/strong><\/li><\/ol><p>Beykoz Nuts Kuruyemi\u015f A.\u015e <strong>(\u201cHazelnut Republic\u201d)<\/strong> olarak, veri sorumlusu s\u0131fat\u0131yla sizlerden elde etti\u011fimiz ki\u015fisel verilere ili\u015fkin olarak 6698 say\u0131l\u0131 Ki\u015fisel Verilerin Korunmas\u0131 Kanunu\u2019na ve ilgili d\u00fczenlemelere uygun hareket edebilmemiz amac\u0131yla ayd\u0131nlatma y\u00fck\u00fcml\u00fcl\u00fc\u011f\u00fc kapsam\u0131nda a\u015fa\u011f\u0131daki hususlar\u0131 bilgilerinize sunar\u0131z.<strong>\u00a0<\/strong><\/p><ol start=\"2\"><li><strong>Ki\u015fisel Verilerin \u0130\u015flenmesi ve \u0130\u015fleme Ama\u00e7lar\u0131 <\/strong><\/li><\/ol><p>Hazelnut Republic taraf\u0131ndan toplanan ki\u015fisel verileriniz:<\/p><ul><li>\u015eirketimizin ticari i\u015f birliklerinin, y\u00f6netim ve ileti\u015fim faaliyetlerinin ve stratejilerinin do\u011fru olarak planlanmas\u0131,<\/li><li>\u00dcyelik i\u015flemlerinin ger\u00e7ekle\u015ftirilmesi,<\/li><li>Hazelnut Republic web sitesi \u00fczerinden sunulan \u00fcr\u00fcn ve hizmetlerin iyile\u015ftirilmesi, yeni \u00fcr\u00fcn ve hizmetlerin geli\u015ftirilmesi ve bununla ilgili bilgilendirme yap\u0131lmas\u0131,<\/li><li>Kullan\u0131c\u0131lar ile kurulan mesafeli s\u00f6zle\u015fmelerin ifas\u0131 amac\u0131yla, ticari elektronik ileti onay\u0131 mevcut m\u00fc\u015fterilerin tercih, be\u011feni ve ihtiya\u00e7lar\u0131n\u0131n analiz edilmesi ve m\u00fc\u015fterilere \u00f6zel tan\u0131t\u0131m, f\u0131rsat ve fayda sa\u011flanmas\u0131,<\/li><li>Kullan\u0131c\u0131lar\u0131n a\u00e7\u0131k r\u0131zas\u0131 do\u011frultusunda yeniden pazarlama, hedefleme, profilleme ve analiz yap\u0131larak m\u00fc\u015fterilerin tercih ve be\u011fenisi do\u011frultusunda \u00fcr\u00fcn ve hizmetlerin tan\u0131t\u0131m\u0131n\u0131n ve pazarlamas\u0131n\u0131n yap\u0131lmas\u0131,<\/li><li>Kullan\u0131c\u0131 sorun ve \u015fikayetlerinin \u00e7\u00f6z\u00fcmlenmesi,<\/li><li>Web sitesi \u00fczerindeki kullan\u0131c\u0131 deneyiminin iyile\u015ftirilmesi,<\/li><li>Muhasebe ve sat\u0131n alma i\u015flemlerinin takibi,<\/li><li>Hukuki s\u00fcre\u00e7ler ve mevzuata uyum,<\/li><li>\u0130dari ve adli makamlardan gelen bilgi taleplerinin cevapland\u0131r\u0131lmas\u0131,<\/li><li>Bilgi ve i\u015flem g\u00fcvenli\u011fi sa\u011flanmas\u0131 ve k\u00f6t\u00fc ama\u00e7l\u0131 kullan\u0131m\u0131n \u00f6nlenmesi,<\/li><li>\u0130\u015flenen verilerin g\u00fcncel ve do\u011fru olmas\u0131n\u0131n sa\u011flanmas\u0131 amac\u0131yla gerekli d\u00fczenlemelerin yap\u0131lmas\u0131,<\/li><li>Websitesi ziyaret\u00e7ileri,<\/li><li>Ticari elektronik ileti onay\u0131 mevcut ziyaret\u00e7iler a\u00e7\u0131s\u0131ndan; tercih, be\u011feni ve ihtiya\u00e7lar\u0131n\u0131n analiz edilmesi ve ziyaret\u00e7ilere \u00f6zel tan\u0131t\u0131m, f\u0131rsat ve fayda sa\u011flanmas\u0131,<\/li><li>Ziyaret\u00e7ilerin a\u00e7\u0131k r\u0131zas\u0131 do\u011frultusunda yeniden pazarlama, hedefleme, profilleme ve analiz yap\u0131larak ziyaret\u00e7ilerin tercih ve be\u011fenisi do\u011frultusunda uygulama, mal\/\u00fcr\u00fcn ve hizmetlerin tan\u0131t\u0131m\u0131n\u0131n ve pazarlamas\u0131n\u0131n yap\u0131lmas\u0131,<\/li><li>Ziyaret\u00e7i sorun ve \u015fikayetlerinin \u00e7\u00f6z\u00fcmlenmesi,<\/li><li>Hukuki s\u00fcre\u00e7ler ve mevzuata uyum,<\/li><li>\u0130dari ve adli makamlardan gelen bilgi taleplerinin cevapland\u0131r\u0131lmas\u0131,<\/li><li>Bilgi ve i\u015flem g\u00fcvenli\u011fi sa\u011flanmas\u0131 ve k\u00f6t\u00fc ama\u00e7l\u0131 kullan\u0131m\u0131n \u00f6nlenmesi,<\/li><li>\u0130\u015flenen verilerin g\u00fcncel ve do\u011fru olmas\u0131n\u0131n sa\u011flanmas\u0131 amac\u0131yla gerekli d\u00fczenlemelerin yap\u0131lmas\u0131,<\/li><li>Hukuki y\u00fck\u00fcml\u00fcl\u00fcklerin yerine getirilmesi,<\/li><\/ul><p>ama\u00e7lar\u0131yla s\u0131n\u0131rl\u0131 olarak ve Ki\u015fisel Verilerin Korunmas\u0131 Kanunu\u2019nun 5. ve 6. maddelerinde belirtilen ki\u015fisel veri i\u015fleme \u015fartlar\u0131 ve ama\u00e7lar\u0131 \u00e7er\u00e7evesinde i\u015flenebilecektir. Ki\u015fisel verileriniz ayr\u0131ca fiziki ar\u015fivler ve bili\u015fim sistemlerine nakledilerek hem dijital hem fiziki ortamlarda muhafaza edilebilecektir.<\/p><ol start=\"3\"><li><strong>\u0130\u015flenen Ki\u015fisel Verilerin Kimlere ve Hangi Ama\u00e7lar ile Aktar\u0131labilece\u011fi<\/strong><\/li><\/ol><p>Toplanan ki\u015fisel verileriniz, yukar\u0131da a\u00e7\u0131klanan ama\u00e7larla ve Ki\u015fisel Verilerin Korunmas\u0131 Kanun\u2019unun 8. ve 9. maddelerinde yer alan d\u00fczenlemeler kapsam\u0131nda aktar\u0131lmas\u0131n\u0131 gerektiren sebeplere i\u015f s\u00fcre\u00e7lerimizi ve hukuki y\u00fck\u00fcml\u00fcl\u00fcklerimizi me\u015fru menfaatlerimize uygun olarak yerine getirebilmemiz ve olas\u0131 bir yarg\u0131 s\u00fcrecinde savunma hakk\u0131m\u0131z\u0131 kullanabilmemiz amac\u0131yla avukatlar, denet\u00e7iler, vergi dan\u0131\u015fmanlar\u0131 ile dan\u0131\u015fmanl\u0131k ve hizmet ald\u0131\u011f\u0131m\u0131z di\u011fer \u00fc\u00e7\u00fcnc\u00fc ki\u015filere ve taraf\u0131n\u0131zca yetki verilmi\u015f olan vekil ve temsilcilerinize; d\u00fczenleyici ve denetleyici kurumlar ile mahkeme ve icra m\u00fcd\u00fcrl\u00fckleri gibi sair resm\u00ee kurumlar ve ki\u015fisel verilerinizi talep etmeye yetkili olan di\u011fer kamu kurum veya kurulu\u015flar\u0131na; hizmetlerimizin, altyap\u0131 ve g\u00fcvenlik s\u00fcre\u00e7lerinin geli\u015ftirilebilmesi i\u00e7in hizmet ald\u0131\u011f\u0131m\u0131z i\u015f ortaklar\u0131m\u0131za ve ifa yard\u0131mc\u0131lar\u0131m\u0131za; web sitesi kullan\u0131m tercihleri ve gezinti ge\u00e7mi\u015fi, mesafeli sat\u0131\u015f s\u00f6zle\u015fmesinin ifa edilmesi, \u00fcyelik formu ve di\u011fer formlar \u00fczerinden toplanan ki\u015fisel veriler profilleme yap\u0131lmas\u0131 ve ilgili ki\u015filerin be\u011feni ve tercihleri do\u011frultusunda ileti\u015fime ge\u00e7ilmesi amac\u0131yla, \u00e7erez hizmeti al\u0131nan yurt i\u00e7i\/yurt d\u0131\u015f\u0131nda bulunan i\u015f ortaklar\u0131m\u0131zla payla\u015f\u0131lmaktad\u0131r. Bu kapsamda ger\u00e7ekle\u015ftirilen ki\u015fisel veri aktar\u0131mlar\u0131, ilgili \u00fc\u00e7\u00fcnc\u00fc taraf\u0131n sundu\u011fu g\u00fcvenli ortam ve kanallar arac\u0131l\u0131\u011f\u0131yla ger\u00e7ekle\u015fmektedir. \u00dc\u00e7\u00fcnc\u00fc taraflardan al\u0131nan hizmetin i\u00e7eri\u011fi ve kapsam\u0131na ba\u011fl\u0131 olarak ki\u015fisel verilerinin aktar\u0131m\u0131na gerek olmayan t\u00fcm hallerde maskelenmi\u015f ki\u015fisel veriler kullan\u0131larak aktar\u0131m yap\u0131lmaktad\u0131r.<\/p><ol start=\"4\"><li><strong>Ki\u015fisel Veri Toplaman\u0131n Y\u00f6ntemi ve Hukuki Sebebi<\/strong><\/li><\/ol><p>Ki\u015fisel verileriniz; Kanun\u2019da \u00f6ng\u00f6r\u00fclen temel ilkelere uygun ve Ki\u015fisel Verilerin Korunmas\u0131 Kanunu\u2019nun 5. maddesinde belirtilen kanunlarda \u00f6ng\u00f6r\u00fclmesi, s\u00f6zle\u015fmenin kurulmas\u0131 ve\/veya ifas\u0131, hukuki y\u00fck\u00fcml\u00fcl\u00fc\u011f\u00fcn yerine getirilmesi, ilgili ki\u015finin temel hak ve \u00f6zg\u00fcrl\u00fcklerine zarar vermemek kayd\u0131yla \u015eirketimizin ve m\u00fc\u015fterilerimizin me\u015fru menfaatini korunmas\u0131 hukuki sebeplerine dayal\u0131 ve bunlarla s\u0131n\u0131rl\u0131 olarak, otomatik veya otomatik olmayan yollarla, internet sitesi, mobil uygulamalar, \u00e7a\u011fr\u0131 merkezi ve fiziki kanallar gibi farkl\u0131 kanallarda icra edilen teknik ve s\u00fcre\u00e7sel y\u00f6ntemlerle, internet sitemizi ziyaretiniz ile ve ziyaretiniz s\u0131ras\u0131nda ger\u00e7ekle\u015ftirdi\u011finiz i\u015flemler, \u00e7erezler, \u201cBize Ula\u015f\u0131n\u201d b\u00f6l\u00fcm\u00fcnde bulunan formu doldurman\u0131z arac\u0131l\u0131\u011f\u0131yla taraf\u0131n\u0131zca \u015eirketimize iletilen s\u00f6zl\u00fc veya yaz\u0131l\u0131 (e-mail vs) bilgilerden, kamera ve telefon kay\u0131tlar\u0131ndan, hukuk b\u00fcrolar\u0131ndan, \u015eirket faaliyetleri kapsam\u0131nda kullan\u0131lan uygulama ve yaz\u0131l\u0131m sistemlerinden toplanabilmektedir.<strong>\u00a0<\/strong><\/p><ol start=\"5\"><li><strong>Toplanan Ki\u015fisel Bilgiler<\/strong><\/li><\/ol><p>Hazelnut Republic, internet sitesi \u00fczerinde, kullan\u0131c\u0131lar\u0131n internet sitesine eri\u015fimi ve yapacaklar\u0131 i\u015flemlere ba\u011fl\u0131 olarak kullan\u0131c\u0131lar\u0131n\u0131n;<\/p><ul><li>Kimlik Bilgisini\u00a0<\/li><li>A\u00e7\u0131k Adres, E-Posta adresi ve Telefon Dahil \u0130leti\u015fim Bilgisini<\/li><li>Kredi Kart\u0131 \/ Banka Hesap Bilgisini \u00a0<\/li><li>\u0130\u015flem G\u00fcvenli\u011fi Bilgisini<\/li><li>IP Bilgisini\u00a0\u00a0 \u00a0<\/li><li>Hukuki \u0130\u015flem ve Uyum Bilgisini<\/li><li>Talep \/ \u015eikayet Y\u00f6netimi Bilgisini<\/li><li>Kullan\u0131c\u0131 Bilgisini<\/li><li>Olay Y\u00f6netim Bilgisini<\/li><li>Kullan\u0131c\u0131 \u0130\u015flem Bilgisini<\/li><\/ul><p>toplayabilmektedir.<\/p><ol start=\"6\"><li><strong>Ki\u015fisel Verilerin Korunmas\u0131na Y\u00f6nelik Haklar\u0131n\u0131z<\/strong><\/li><\/ol><p>Belirtmek isteriz ki, Ki\u015fisel Verilerin Korunmas\u0131 mevzuat\u0131 \u00e7er\u00e7evesinde, ki\u015fisel verilerinizin sahibi olarak diledi\u011finiz zaman \u015eirketimize ba\u015fvurarak;<\/p><ul><li>Ki\u015fisel verilerinizin i\u015flenip i\u015flenmedi\u011fini \u00f6\u011frenme,<\/li><li>Ki\u015fisel verileriniz i\u015flenmi\u015fse buna ili\u015fkin bilgi talep etme,<\/li><li>Ki\u015fisel verilerinizin hangi ama\u00e7la i\u015flendi\u011fini ve bu ama\u00e7lara uygun kullan\u0131l\u0131p kullan\u0131lmad\u0131\u011f\u0131n\u0131 \u00f6\u011frenme,<\/li><li>Ki\u015fisel verilerinizin yurt i\u00e7inde veya yurt d\u0131\u015f\u0131nda aktar\u0131ld\u0131\u011f\u0131 \u00fc\u00e7\u00fcnc\u00fc ki\u015fileri bilme,<\/li><li>Ki\u015fisel verilerinizin eksik veya yanl\u0131\u015f i\u015flenmi\u015f olmas\u0131 halinde bunlar\u0131n d\u00fczeltilmesini isteme,<\/li><li>Ki\u015fisel verilerinizin silinmesini veya yok edilmesini talep etme,<\/li><li>D\u00fczeltme, silme ve yok etme taleplerinizin ki\u015fisel verilerinizin aktar\u0131ld\u0131\u011f\u0131 \u00fc\u00e7\u00fcnc\u00fc ki\u015filere bildirilmesini isteme,<\/li><li>\u0130\u015flenen ki\u015fisel verilerinizin m\u00fcnhas\u0131ran otomatik sistemler vas\u0131tas\u0131yla analiz edilmesi suretiyle \u015fahs\u0131n\u0131z aleyhine bir sonucun ortaya \u00e7\u0131kmas\u0131na itiraz etme,\u00a0<\/li><li>Ki\u015fisel verilerinizin kanuna ayk\u0131r\u0131 olarak i\u015flenmesi sebebiyle zarara u\u011framan\u0131z halinde zarar\u0131n\u0131z\u0131n giderilmesini talep etme<\/li><\/ul><p>haklar\u0131na sahipsiniz.<\/p><p>Bu Ayd\u0131nlatma Bildirimi\u2019ne ili\u015fkin sorular\u0131n\u0131z veya yukar\u0131da belirtilen haklar\u0131n\u0131za ili\u015fkin talepleriniz i\u00e7in bize\u00a0a\u015fa\u011f\u0131daki ileti\u015fim bilgilerinden ula\u015fabilirsiniz. Taleplerinize, niteli\u011fine g\u00f6re en k\u0131sa s\u00fcrede ve en ge\u00e7 otuz g\u00fcn i\u00e7erisinde geri d\u00f6n\u00fc\u015f yap\u0131lacakt\u0131r.<\/p><p>Adres: Pa\u015fabah\u00e7e mahallesi, Cemal Bey sokak, No: 11\/1 Beykoz 34800 \u0130stanbul<\/p><p>Telefon: +90 216 425 32 00<\/p><p>Mail: info@hazelnutrepublic.com<\/p><p><strong>\u00a0<\/strong><\/p><p><strong>\u00a0<\/strong><strong>K\u0130\u015e\u0130SEL VER\u0130LER\u0130N KORUNMASI KANUNU VE \u0130LG\u0130L\u0130 MEVZUAT UYARINCA<\/strong><\/p><p><strong>\u00a0<\/strong><strong>A\u00c7IK RIZA METN\u0130 <\/strong><\/p><p>Ki\u015fisel Verilerin Korunmas\u0131 mevzuat\u0131 uyar\u0131nca, Beykoz Nuts Kuruyemi\u015f A.\u015e <strong>(\u201cHazelnut Republic\u201d)<\/strong> olarak Ki\u015fisel Verilerin Korunmas\u0131 mevzuat\u0131 kapsam\u0131nda istisnaya giren (\u00f6rne\u011fin s\u00f6zle\u015fmenin ifas\u0131 i\u00e7in gerekli olmas\u0131 veya veri sorumlusunun me\u015fru menfaati) haller haricinde ki\u015fisel verilerinizin i\u015flenmesi ve\/veya aktar\u0131lmas\u0131 kapsam\u0131nda a\u015fa\u011f\u0131daki hususlara ili\u015fkin a\u00e7\u0131k r\u0131zan\u0131z\u0131 talep ediyoruz:<\/p><p>\u0130sim, soy isim, T.C. kimlik numaram, a\u00e7\u0131k adresim, e-posta adresim, telefon numaram, kredi kart\u0131 \/ banka hesap bilgilerim dahil ki\u015fisel verilerimin;<\/p><ul><li>\u015eirketin faaliyetleri kapsam\u0131nda hizmetlerinizin sunulmas\u0131, y\u00fcr\u00fct\u00fclmesi, geli\u015ftirilmesi ve taleplerin kar\u015f\u0131lanmas\u0131, faaliyetlerin mevzuata uygun y\u00fcr\u00fct\u00fclmesi,<\/li><li>\u015eirketinizin ticari i\u015f birliklerini, y\u00f6netim ve ileti\u015fim faaliyetlerini ve stratejilerini do\u011fru olarak planlamas\u0131,<\/li><li>\u00dcyelik i\u015flemlerinin ger\u00e7ekle\u015ftirilmesi ve \u00fcye listelerinin olu\u015fturulmas\u0131,<\/li><li>Hazelnut Republic web sitesi \u00fczerinden sunulan \u00fcr\u00fcn ve hizmetlerin iyile\u015ftirilmesi, yeni \u00fcr\u00fcn ve hizmetlerin geli\u015ftirilmesi ve bununla ilgili bilgilendirme yap\u0131lmas\u0131,<\/li><li>Kurulan mesafeli s\u00f6zle\u015fmelerin ifas\u0131 amac\u0131yla, ticari elektronik ileti onay\u0131 mevcut m\u00fc\u015fterilerin tercih, be\u011feni ve ihtiya\u00e7lar\u0131n\u0131n analiz edilmesi ve m\u00fc\u015fterilere \u00f6zel tan\u0131t\u0131m, f\u0131rsat ve fayda sa\u011flanmas\u0131,<\/li><li>Yeniden pazarlama, hedefleme, profilleme ve analiz yap\u0131larak tercih ve be\u011fenilerim do\u011frultusunda \u00fcr\u00fcn ve hizmetlerin tan\u0131t\u0131m\u0131n\u0131n ve pazarlamas\u0131n\u0131n yap\u0131lmas\u0131,<\/li><li>Kullan\u0131c\u0131 sorun ve \u015fikayetlerinin \u00e7\u00f6z\u00fcmlenmesi,<\/li><li>Web sitesi \u00fczerindeki kullan\u0131c\u0131 deneyiminin iyile\u015ftirilmesi,<\/li><li>Bilgi ve i\u015flem g\u00fcvenli\u011fi sa\u011flanmas\u0131 ile eri\u015fim yetkilerinin y\u00f6netimi ve k\u00f6t\u00fc ama\u00e7l\u0131 kullan\u0131m\u0131n \u00f6nlenmesi,<\/li><li>Muhasebe ve sat\u0131n alma i\u015flemlerinin takibi,<\/li><li>Hukuki y\u00fck\u00fcml\u00fcl\u00fcklerin yerine getirilmesi,<\/li><li>Hukuki s\u00fcre\u00e7ler ve mevzuata uyum,<\/li><li>\u0130dari ve adli makamlardan gelen bilgi taleplerinin cevapland\u0131r\u0131lmas\u0131 ve bildirimlerin yap\u0131lmas\u0131,<\/li><li>\u0130\u015flenen verilerin g\u00fcncel ve do\u011fru olmas\u0131n\u0131n sa\u011flanmas\u0131 amac\u0131yla gerekli d\u00fczenlemelerin yap\u0131lmas\u0131,<\/li><\/ul><p>ama\u00e7lar\u0131yla i\u015flenmesine;\u00a0yurt i\u00e7inde ve yurt d\u0131\u015f\u0131nda hizmetlerinden faydaland\u0131\u011f\u0131n\u0131z, i\u015fbirli\u011fi i\u00e7inde oldu\u011funuz \u015firketlere ve \u015eirket\u2019in b\u00fcnyesinde bulundu\u011fu yurt i\u00e7indeki ve yurt d\u0131\u015f\u0131ndaki grup \u015firketlerine aktar\u0131lmas\u0131na, bilerek ve isteyerek r\u0131za g\u00f6sterdi\u011fimi ve Hazelnut Republic taraf\u0131ndan ayd\u0131nlatma metni ile bilgilendirildi\u011fimi beyan ediyorum.<\/p><p><strong>\u00a0<\/strong><\/p>\t\t\t\t\t\t<\/div>\n\t\t\t\t<\/div>\n\t\t\t\t\t<\/div>\n\t\t<\/div>\n\t\t\t\t\t\t\t<\/div>\n\t\t<\/section>\n\t\t\t\t\t\t\t<\/div>\n\t\t","protected":false},"excerpt":{"rendered":"","protected":false},"author":1,"featured_media":0,"parent":0,"menu_order":0,"comment_status":"closed","ping_status":"closed","template":"","meta":{"footnotes":""},"class_list":["post-4095","page","type-page","status-publish","hentry"],"_links":{"self":[{"href":"https:\/\/hazelnutrepublic.com\/en\/wp-json\/wp\/v2\/pages\/4095","targetHints":{"allow":["GET"]}}],"collection":[{"href":"https:\/\/hazelnutrepublic.com\/en\/wp-json\/wp\/v2\/pages"}],"about":[{"href":"https:\/\/hazelnutrepublic.com\/en\/wp-json\/wp\/v2\/types\/page"}],"author":[{"embeddable":true,"href":"https:\/\/hazelnutrepublic.com\/en\/wp-json\/wp\/v2\/users\/1"}],"replies":[{"embeddable":true,"href":"https:\/\/hazelnutrepublic.com\/en\/wp-json\/wp\/v2\/comments?post=4095"}],"version-history":[{"count":10,"href":"https:\/\/hazelnutrepublic.com\/en\/wp-json\/wp\/v2\/pages\/4095\/revisions"}],"predecessor-version":[{"id":5280,"href":"https:\/\/hazelnutrepublic.com\/en\/wp-json\/wp\/v2\/pages\/4095\/revisions\/5280"}],"wp:attachment":[{"href":"https:\/\/hazelnutrepublic.com\/en\/wp-json\/wp\/v2\/media?parent=4095"}],"curies":[{"name":"wp","href":"https:\/\/api.w.org\/{rel}","templated":true}]}}