{"id":297,"date":"2022-01-13T06:42:03","date_gmt":"2022-01-13T06:42:03","guid":{"rendered":"https:\/\/restro.themechampion.com\/?page_id=297"},"modified":"2022-07-28T07:35:53","modified_gmt":"2022-07-28T07:35:53","slug":"urunlerimiz-old","status":"publish","type":"page","link":"https:\/\/hazelnutrepublic.com\/en\/urunlerimiz-old\/","title":{"rendered":"\u00dcr\u00fcnlerimiz-old"},"content":{"rendered":"\t\t<div data-elementor-type=\"wp-page\" data-elementor-id=\"297\" class=\"elementor elementor-297\">\n\t\t\t\t\t\t\t\t\t<section class=\"elementor-section elementor-top-section elementor-element elementor-element-11a9094 elementor-section-full_width elementor-section-stretched elementor-section-height-default elementor-section-height-default\" data-id=\"11a9094\" data-element_type=\"section\" data-settings=\"{&quot;stretch_section&quot;:&quot;section-stretched&quot;}\">\n\t\t\t\t\t\t<div class=\"elementor-container elementor-column-gap-default\">\n\t\t\t\t\t<div class=\"elementor-column elementor-col-100 elementor-top-column elementor-element elementor-element-79847c3\" data-id=\"79847c3\" data-element_type=\"column\">\n\t\t\t<div class=\"elementor-widget-wrap elementor-element-populated\">\n\t\t\t\t\t\t\t\t<div class=\"elementor-element elementor-element-c6d5c3b elementor-widget elementor-widget-image\" data-id=\"c6d5c3b\" data-element_type=\"widget\" data-widget_type=\"image.default\">\n\t\t\t\t<div class=\"elementor-widget-container\">\n\t\t\t<style>\/*! elementor - v3.7.0 - 08-08-2022 *\/\n.elementor-widget-image{text-align:center}.elementor-widget-image a{display:inline-block}.elementor-widget-image a img[src$=\".svg\"]{width:48px}.elementor-widget-image img{vertical-align:middle;display:inline-block}<\/style>\t\t\t\t\t\t\t\t\t\t\t\t<img loading=\"lazy\" decoding=\"async\" width=\"1920\" height=\"492\" src=\"https:\/\/hazelnutrepublic.com\/wp-content\/uploads\/2022\/07\/urunler-banner-1.png\" class=\"attachment-full size-full\" alt=\"\" srcset=\"https:\/\/hazelnutrepublic.com\/wp-content\/uploads\/2022\/07\/urunler-banner-1.png 1920w, https:\/\/hazelnutrepublic.com\/wp-content\/uploads\/2022\/07\/urunler-banner-1-300x77.png 300w, https:\/\/hazelnutrepublic.com\/wp-content\/uploads\/2022\/07\/urunler-banner-1-1024x262.png 1024w, https:\/\/hazelnutrepublic.com\/wp-content\/uploads\/2022\/07\/urunler-banner-1-768x197.png 768w, https:\/\/hazelnutrepublic.com\/wp-content\/uploads\/2022\/07\/urunler-banner-1-1536x394.png 1536w, https:\/\/hazelnutrepublic.com\/wp-content\/uploads\/2022\/07\/urunler-banner-1-600x154.png 600w\" sizes=\"auto, (max-width: 1920px) 100vw, 1920px\" \/>\t\t\t\t\t\t\t\t\t\t\t\t\t\t\t<\/div>\n\t\t\t\t<\/div>\n\t\t\t\t\t<\/div>\n\t\t<\/div>\n\t\t\t\t\t\t\t<\/div>\n\t\t<\/section>\n\t\t\t\t<section class=\"elementor-section elementor-top-section elementor-element elementor-element-120cc1a elementor-section-boxed elementor-section-height-default elementor-section-height-default\" data-id=\"120cc1a\" data-element_type=\"section\">\n\t\t\t\t\t\t<div class=\"elementor-container elementor-column-gap-default\">\n\t\t\t\t\t<div class=\"elementor-column elementor-col-100 elementor-top-column elementor-element elementor-element-02729c5\" data-id=\"02729c5\" data-element_type=\"column\">\n\t\t\t<div class=\"elementor-widget-wrap elementor-element-populated\">\n\t\t\t\t\t\t\t\t<div class=\"elementor-element elementor-element-1ade349 elementor-widget elementor-widget-image\" data-id=\"1ade349\" data-element_type=\"widget\" data-widget_type=\"image.default\">\n\t\t\t\t<div class=\"elementor-widget-container\">\n\t\t\t\t\t\t\t\t\t\t\t\t\t\t\t<img loading=\"lazy\" decoding=\"async\" width=\"300\" height=\"300\" src=\"https:\/\/hazelnutrepublic.com\/wp-content\/uploads\/2022\/07\/Comp-1-300x300.gif\" class=\"attachment-medium size-medium\" alt=\"\" srcset=\"https:\/\/hazelnutrepublic.com\/wp-content\/uploads\/2022\/07\/Comp-1-300x300.gif 300w, https:\/\/hazelnutrepublic.com\/wp-content\/uploads\/2022\/07\/Comp-1-150x150.gif 150w, https:\/\/hazelnutrepublic.com\/wp-content\/uploads\/2022\/07\/Comp-1-100x100.gif 100w\" sizes=\"auto, (max-width: 300px) 100vw, 300px\" \/>\t\t\t\t\t\t\t\t\t\t\t\t\t\t\t<\/div>\n\t\t\t\t<\/div>\n\t\t\t\t<div class=\"elementor-element elementor-element-1ef1fb1 elementor-widget elementor-widget-text-editor\" data-id=\"1ef1fb1\" data-element_type=\"widget\" data-widget_type=\"text-editor.default\">\n\t\t\t\t<div class=\"elementor-widget-container\">\n\t\t\t<style>\/*! elementor - v3.7.0 - 08-08-2022 *\/\n.elementor-widget-text-editor.elementor-drop-cap-view-stacked .elementor-drop-cap{background-color:#818a91;color:#fff}.elementor-widget-text-editor.elementor-drop-cap-view-framed .elementor-drop-cap{color:#818a91;border:3px solid;background-color:transparent}.elementor-widget-text-editor:not(.elementor-drop-cap-view-default) .elementor-drop-cap{margin-top:8px}.elementor-widget-text-editor:not(.elementor-drop-cap-view-default) .elementor-drop-cap-letter{width:1em;height:1em}.elementor-widget-text-editor .elementor-drop-cap{float:left;text-align:center;line-height:1;font-size:50px}.elementor-widget-text-editor .elementor-drop-cap-letter{display:inline-block}<\/style>\t\t\t\t<h3 style=\"text-align: center;\"><em><span style=\"color: #e8d67d;\">&#8216; 40 y\u0131l\u0131n uzmanl\u0131\u011f\u0131 ve tecr\u00fcbesiyle,<br \/><\/span><\/em><\/h3><h3 style=\"text-align: center;\"><em><span style=\"color: #e8d67d;\">dal\u0131ndan kopup ambalaj\u0131na girene kadar binbir \u00f6zenle haz\u0131rlad\u0131k.<\/span><\/em><\/h3><h4 style=\"text-align: center;\">\u00a0<\/h4><h3 style=\"text-align: center;\"><strong><em><span style=\"color: #e8d67d;\">Afiyet \u015fifa olsun.&#8217;<\/span><br \/><\/em><\/strong><\/h3><div>\u00a0<\/div>\t\t\t\t\t\t<\/div>\n\t\t\t\t<\/div>\n\t\t\t\t\t<\/div>\n\t\t<\/div>\n\t\t\t\t\t\t\t<\/div>\n\t\t<\/section>\n\t\t\t\t<section class=\"elementor-section elementor-top-section elementor-element elementor-element-c59c968 elementor-section-full_width elementor-section-stretched elementor-section-height-default elementor-section-height-default\" data-id=\"c59c968\" data-element_type=\"section\" data-settings=\"{&quot;stretch_section&quot;:&quot;section-stretched&quot;,&quot;background_background&quot;:&quot;classic&quot;}\">\n\t\t\t\t\t\t<div class=\"elementor-container elementor-column-gap-default\">\n\t\t\t\t\t<div class=\"elementor-column elementor-col-100 elementor-top-column elementor-element elementor-element-a7079e6\" data-id=\"a7079e6\" data-element_type=\"column\">\n\t\t\t<div class=\"elementor-widget-wrap elementor-element-populated\">\n\t\t\t\t\t\t\t\t<section class=\"elementor-section elementor-inner-section elementor-element elementor-element-d6ddfe6 elementor-section-full_width elementor-section-height-default elementor-section-height-default\" data-id=\"d6ddfe6\" data-element_type=\"section\" data-settings=\"{&quot;background_background&quot;:&quot;classic&quot;}\">\n\t\t\t\t\t\t<div class=\"elementor-container elementor-column-gap-default\">\n\t\t\t\t\t<div class=\"elementor-column elementor-col-50 elementor-inner-column elementor-element elementor-element-4e7b7c8\" data-id=\"4e7b7c8\" data-element_type=\"column\">\n\t\t\t<div class=\"elementor-widget-wrap elementor-element-populated\">\n\t\t\t\t\t\t\t\t<div class=\"elementor-element elementor-element-bd6b10d elementor-absolute elementor-widget elementor-widget-heading\" data-id=\"bd6b10d\" data-element_type=\"widget\" data-settings=\"{&quot;_position&quot;:&quot;absolute&quot;}\" data-widget_type=\"heading.default\">\n\t\t\t\t<div class=\"elementor-widget-container\">\n\t\t\t<style>\/*! elementor - v3.7.0 - 08-08-2022 *\/\n.elementor-heading-title{padding:0;margin:0;line-height:1}.elementor-widget-heading .elementor-heading-title[class*=elementor-size-]>a{color:inherit;font-size:inherit;line-height:inherit}.elementor-widget-heading .elementor-heading-title.elementor-size-small{font-size:15px}.elementor-widget-heading .elementor-heading-title.elementor-size-medium{font-size:19px}.elementor-widget-heading .elementor-heading-title.elementor-size-large{font-size:29px}.elementor-widget-heading .elementor-heading-title.elementor-size-xl{font-size:39px}.elementor-widget-heading .elementor-heading-title.elementor-size-xxl{font-size:59px}<\/style><h1 class=\"elementor-heading-title elementor-size-xxl\">ORGAN\u0130K<br>\u00c7\u0130\u011e<br>FINDIK<\/h1>\t\t<\/div>\n\t\t\t\t<\/div>\n\t\t\t\t<div class=\"elementor-element elementor-element-aaa4782 elementor-absolute elementor-widget elementor-widget-text-editor\" data-id=\"aaa4782\" data-element_type=\"widget\" data-settings=\"{&quot;_position&quot;:&quot;absolute&quot;}\" data-widget_type=\"text-editor.default\">\n\t\t\t\t<div class=\"elementor-widget-container\">\n\t\t\t\t\t\t\t<p class=\"product-text\" style=\"text-align: right; font-size: 24px;\"><span style=\"color: #ffffff;\">Bu pakette size d\u00fcnyaca<\/span><br \/><span style=\"color: #ffffff;\">\u00fcnl\u00fc f\u0131nd\u0131\u011f\u0131m\u0131z\u0131 sunmaktan<\/span><br \/><span style=\"color: #ffffff;\">mutluluk duyuyoruz.<\/span><\/p>\t\t\t\t\t\t<\/div>\n\t\t\t\t<\/div>\n\t\t\t\t<div class=\"elementor-element elementor-element-496f271 elementor-absolute elementor-widget elementor-widget-image\" data-id=\"496f271\" data-element_type=\"widget\" data-settings=\"{&quot;_position&quot;:&quot;absolute&quot;}\" data-widget_type=\"image.default\">\n\t\t\t\t<div class=\"elementor-widget-container\">\n\t\t\t\t\t\t\t\t\t\t\t\t\t\t\t<img loading=\"lazy\" decoding=\"async\" width=\"150\" height=\"150\" src=\"https:\/\/hazelnutrepublic.com\/wp-content\/uploads\/2022\/07\/urunler-organik-cig-findik-150x150.png\" class=\"attachment-thumbnail size-thumbnail\" alt=\"\" srcset=\"https:\/\/hazelnutrepublic.com\/wp-content\/uploads\/2022\/07\/urunler-organik-cig-findik-150x150.png 150w, https:\/\/hazelnutrepublic.com\/wp-content\/uploads\/2022\/07\/urunler-organik-cig-findik-100x100.png 100w\" sizes=\"auto, (max-width: 150px) 100vw, 150px\" \/>\t\t\t\t\t\t\t\t\t\t\t\t\t\t\t<\/div>\n\t\t\t\t<\/div>\n\t\t\t\t\t<\/div>\n\t\t<\/div>\n\t\t\t\t<div class=\"elementor-column elementor-col-50 elementor-inner-column elementor-element elementor-element-283ecd1\" data-id=\"283ecd1\" data-element_type=\"column\">\n\t\t\t<div class=\"elementor-widget-wrap elementor-element-populated\">\n\t\t\t\t\t\t\t\t<div class=\"elementor-element elementor-element-75d3ef9 elementor-widget elementor-widget-image\" data-id=\"75d3ef9\" data-element_type=\"widget\" data-widget_type=\"image.default\">\n\t\t\t\t<div class=\"elementor-widget-container\">\n\t\t\t\t\t\t\t\t\t\t\t\t\t\t\t<img loading=\"lazy\" decoding=\"async\" width=\"339\" height=\"642\" src=\"https:\/\/hazelnutrepublic.com\/wp-content\/uploads\/2022\/07\/organik-cig-findik-1.png\" class=\"attachment-full size-full\" alt=\"\" srcset=\"https:\/\/hazelnutrepublic.com\/wp-content\/uploads\/2022\/07\/organik-cig-findik-1.png 339w, https:\/\/hazelnutrepublic.com\/wp-content\/uploads\/2022\/07\/organik-cig-findik-1-158x300.png 158w\" sizes=\"auto, (max-width: 339px) 100vw, 339px\" \/>\t\t\t\t\t\t\t\t\t\t\t\t\t\t\t<\/div>\n\t\t\t\t<\/div>\n\t\t\t\t<div class=\"elementor-element elementor-element-147bc0f elementor-widget elementor-widget-text-editor\" data-id=\"147bc0f\" data-element_type=\"widget\" data-widget_type=\"text-editor.default\">\n\t\t\t\t<div class=\"elementor-widget-container\">\n\t\t\t\t\t\t\t<h3 style=\"text-align: center; padding-left: 40px;\"><span style=\"color: #ffffff;\">ORGAN\u0130K \u00c7\u0130\u011e FINDIK<\/span><\/h3>\n<p style=\"text-align: center; padding-left: 40px;\"><span style=\"color: #ffffff;\">\n<\/span><\/p>\t\t\t\t\t\t<\/div>\n\t\t\t\t<\/div>\n\t\t\t\t\t<\/div>\n\t\t<\/div>\n\t\t\t\t\t\t\t<\/div>\n\t\t<\/section>\n\t\t\t\t<section class=\"elementor-section elementor-inner-section elementor-element elementor-element-5d41dd7 elementor-section-full_width elementor-section-height-default elementor-section-height-default\" data-id=\"5d41dd7\" data-element_type=\"section\" data-settings=\"{&quot;background_background&quot;:&quot;classic&quot;}\">\n\t\t\t\t\t\t<div class=\"elementor-container elementor-column-gap-default\">\n\t\t\t\t\t<div class=\"elementor-column elementor-col-50 elementor-inner-column elementor-element elementor-element-a707c76\" data-id=\"a707c76\" data-element_type=\"column\">\n\t\t\t<div class=\"elementor-widget-wrap elementor-element-populated\">\n\t\t\t\t\t\t\t\t<div class=\"elementor-element elementor-element-05d698e elementor-absolute elementor-widget elementor-widget-heading\" data-id=\"05d698e\" data-element_type=\"widget\" data-settings=\"{&quot;_position&quot;:&quot;absolute&quot;}\" data-widget_type=\"heading.default\">\n\t\t\t\t<div class=\"elementor-widget-container\">\n\t\t\t<h1 class=\"elementor-heading-title elementor-size-xxl\">ORGAN\u0130K<br>KAVRULMU\u015e<br>FINDIK<\/h1>\t\t<\/div>\n\t\t\t\t<\/div>\n\t\t\t\t<div class=\"elementor-element elementor-element-ce52306 elementor-absolute elementor-widget elementor-widget-text-editor\" data-id=\"ce52306\" data-element_type=\"widget\" data-settings=\"{&quot;_position&quot;:&quot;absolute&quot;}\" data-widget_type=\"text-editor.default\">\n\t\t\t\t<div class=\"elementor-widget-container\">\n\t\t\t\t\t\t\t<p class=\"product-text\" style=\"text-align: right; font-size: 24px;\"><span style=\"color: #ffffff;\">Bu pakette size d\u00fcnyaca<\/span><br \/><span style=\"color: #ffffff;\">\u00fcnl\u00fc f\u0131nd\u0131\u011f\u0131m\u0131z\u0131 sunmaktan<\/span><br \/><span style=\"color: #ffffff;\">mutluluk duyuyoruz.<\/span><\/p>\t\t\t\t\t\t<\/div>\n\t\t\t\t<\/div>\n\t\t\t\t<div class=\"elementor-element elementor-element-f5f5ee2 elementor-absolute elementor-widget elementor-widget-image\" data-id=\"f5f5ee2\" data-element_type=\"widget\" data-settings=\"{&quot;_position&quot;:&quot;absolute&quot;}\" data-widget_type=\"image.default\">\n\t\t\t\t<div class=\"elementor-widget-container\">\n\t\t\t\t\t\t\t\t\t\t\t\t\t\t\t<img loading=\"lazy\" decoding=\"async\" width=\"150\" height=\"150\" src=\"https:\/\/hazelnutrepublic.com\/wp-content\/uploads\/2022\/07\/urunler-organik-kavrulmus-findik-150x150.png\" class=\"attachment-thumbnail size-thumbnail\" alt=\"\" srcset=\"https:\/\/hazelnutrepublic.com\/wp-content\/uploads\/2022\/07\/urunler-organik-kavrulmus-findik-150x150.png 150w, https:\/\/hazelnutrepublic.com\/wp-content\/uploads\/2022\/07\/urunler-organik-kavrulmus-findik-100x100.png 100w\" sizes=\"auto, (max-width: 150px) 100vw, 150px\" \/>\t\t\t\t\t\t\t\t\t\t\t\t\t\t\t<\/div>\n\t\t\t\t<\/div>\n\t\t\t\t\t<\/div>\n\t\t<\/div>\n\t\t\t\t<div class=\"elementor-column elementor-col-50 elementor-inner-column elementor-element elementor-element-dfdd083\" data-id=\"dfdd083\" data-element_type=\"column\">\n\t\t\t<div class=\"elementor-widget-wrap elementor-element-populated\">\n\t\t\t\t\t\t\t\t<div class=\"elementor-element elementor-element-93283e0 elementor-widget elementor-widget-image\" data-id=\"93283e0\" data-element_type=\"widget\" data-widget_type=\"image.default\">\n\t\t\t\t<div class=\"elementor-widget-container\">\n\t\t\t\t\t\t\t\t\t\t\t\t\t\t\t<img loading=\"lazy\" decoding=\"async\" width=\"338\" height=\"642\" src=\"https:\/\/hazelnutrepublic.com\/wp-content\/uploads\/2022\/07\/organik-kavrulmus-findik.png\" class=\"attachment-full size-full\" alt=\"\" srcset=\"https:\/\/hazelnutrepublic.com\/wp-content\/uploads\/2022\/07\/organik-kavrulmus-findik.png 338w, https:\/\/hazelnutrepublic.com\/wp-content\/uploads\/2022\/07\/organik-kavrulmus-findik-158x300.png 158w\" sizes=\"auto, (max-width: 338px) 100vw, 338px\" \/>\t\t\t\t\t\t\t\t\t\t\t\t\t\t\t<\/div>\n\t\t\t\t<\/div>\n\t\t\t\t<div class=\"elementor-element elementor-element-d05e3ad elementor-widget elementor-widget-text-editor\" data-id=\"d05e3ad\" data-element_type=\"widget\" data-widget_type=\"text-editor.default\">\n\t\t\t\t<div class=\"elementor-widget-container\">\n\t\t\t\t\t\t\t<h3 style=\"text-align: center; padding-left: 40px;\"><span style=\"color: #ffffff;\">ORGAN\u0130K KAVRULMU\u015e FINDIK<\/span><\/h3>\n<p style=\"text-align: center; padding-left: 40px;\"><span style=\"color: #ffffff;\">\n<\/span><\/p>\t\t\t\t\t\t<\/div>\n\t\t\t\t<\/div>\n\t\t\t\t\t<\/div>\n\t\t<\/div>\n\t\t\t\t\t\t\t<\/div>\n\t\t<\/section>\n\t\t\t\t<section class=\"elementor-section elementor-inner-section elementor-element elementor-element-7bfe275 elementor-section-full_width elementor-section-height-default elementor-section-height-default\" data-id=\"7bfe275\" data-element_type=\"section\" data-settings=\"{&quot;background_background&quot;:&quot;classic&quot;}\">\n\t\t\t\t\t\t<div class=\"elementor-container elementor-column-gap-default\">\n\t\t\t\t\t<div class=\"elementor-column elementor-col-50 elementor-inner-column elementor-element elementor-element-267f489\" data-id=\"267f489\" data-element_type=\"column\">\n\t\t\t<div class=\"elementor-widget-wrap elementor-element-populated\">\n\t\t\t\t\t\t\t\t<div class=\"elementor-element elementor-element-a07d30f elementor-absolute elementor-widget elementor-widget-heading\" data-id=\"a07d30f\" data-element_type=\"widget\" data-settings=\"{&quot;_position&quot;:&quot;absolute&quot;}\" data-widget_type=\"heading.default\">\n\t\t\t\t<div class=\"elementor-widget-container\">\n\t\t\t<h1 class=\"elementor-heading-title elementor-size-xxl\">ORGAN\u0130K<br>\u00c7\u0130FTE KAVRULMU\u015e<br>FINDIK<\/h1>\t\t<\/div>\n\t\t\t\t<\/div>\n\t\t\t\t<div class=\"elementor-element elementor-element-2f344d6 elementor-absolute elementor-widget elementor-widget-text-editor\" data-id=\"2f344d6\" data-element_type=\"widget\" data-settings=\"{&quot;_position&quot;:&quot;absolute&quot;}\" data-widget_type=\"text-editor.default\">\n\t\t\t\t<div class=\"elementor-widget-container\">\n\t\t\t\t\t\t\t<p class=\"product-text\" style=\"text-align: right; font-size: 24px;\"><span style=\"color: #ffffff;\">Bu pakette size d\u00fcnyaca<\/span><br \/><span style=\"color: #ffffff;\">\u00fcnl\u00fc f\u0131nd\u0131\u011f\u0131m\u0131z\u0131 sunmaktan<\/span><br \/><span style=\"color: #ffffff;\">mutluluk duyuyoruz.<\/span><\/p>\t\t\t\t\t\t<\/div>\n\t\t\t\t<\/div>\n\t\t\t\t<div class=\"elementor-element elementor-element-f1b8d66 elementor-absolute elementor-widget elementor-widget-image\" data-id=\"f1b8d66\" data-element_type=\"widget\" data-settings=\"{&quot;_position&quot;:&quot;absolute&quot;}\" data-widget_type=\"image.default\">\n\t\t\t\t<div class=\"elementor-widget-container\">\n\t\t\t\t\t\t\t\t\t\t\t\t\t\t\t<img loading=\"lazy\" decoding=\"async\" width=\"150\" height=\"150\" src=\"https:\/\/hazelnutrepublic.com\/wp-content\/uploads\/2022\/07\/urunler-organik-cifte-kavrulmus-findik-150x150.png\" class=\"attachment-thumbnail size-thumbnail\" alt=\"\" srcset=\"https:\/\/hazelnutrepublic.com\/wp-content\/uploads\/2022\/07\/urunler-organik-cifte-kavrulmus-findik-150x150.png 150w, https:\/\/hazelnutrepublic.com\/wp-content\/uploads\/2022\/07\/urunler-organik-cifte-kavrulmus-findik-100x100.png 100w\" sizes=\"auto, (max-width: 150px) 100vw, 150px\" \/>\t\t\t\t\t\t\t\t\t\t\t\t\t\t\t<\/div>\n\t\t\t\t<\/div>\n\t\t\t\t\t<\/div>\n\t\t<\/div>\n\t\t\t\t<div class=\"elementor-column elementor-col-50 elementor-inner-column elementor-element elementor-element-13c989c\" data-id=\"13c989c\" data-element_type=\"column\">\n\t\t\t<div class=\"elementor-widget-wrap elementor-element-populated\">\n\t\t\t\t\t\t\t\t<div class=\"elementor-element elementor-element-5467f2b elementor-widget elementor-widget-image\" data-id=\"5467f2b\" data-element_type=\"widget\" data-widget_type=\"image.default\">\n\t\t\t\t<div class=\"elementor-widget-container\">\n\t\t\t\t\t\t\t\t\t\t\t\t\t\t\t<img loading=\"lazy\" decoding=\"async\" width=\"339\" height=\"642\" src=\"https:\/\/hazelnutrepublic.com\/wp-content\/uploads\/2022\/07\/organik-cifte-kavrulmus-findik.png\" class=\"attachment-full size-full\" alt=\"\" srcset=\"https:\/\/hazelnutrepublic.com\/wp-content\/uploads\/2022\/07\/organik-cifte-kavrulmus-findik.png 339w, https:\/\/hazelnutrepublic.com\/wp-content\/uploads\/2022\/07\/organik-cifte-kavrulmus-findik-158x300.png 158w\" sizes=\"auto, (max-width: 339px) 100vw, 339px\" \/>\t\t\t\t\t\t\t\t\t\t\t\t\t\t\t<\/div>\n\t\t\t\t<\/div>\n\t\t\t\t<div class=\"elementor-element elementor-element-03acc1b elementor-widget elementor-widget-text-editor\" data-id=\"03acc1b\" data-element_type=\"widget\" data-widget_type=\"text-editor.default\">\n\t\t\t\t<div class=\"elementor-widget-container\">\n\t\t\t\t\t\t\t<h3 style=\"text-align: center; padding-left: 40px;\"><span style=\"color: #ffffff;\">ORGAN\u0130K \u00c7\u0130FTE KAVRULMU\u015e FINDIK<\/span><\/h3>\n<p style=\"text-align: center; padding-left: 40px;\"><span style=\"color: #ffffff;\">\n<\/span><\/p>\t\t\t\t\t\t<\/div>\n\t\t\t\t<\/div>\n\t\t\t\t\t<\/div>\n\t\t<\/div>\n\t\t\t\t\t\t\t<\/div>\n\t\t<\/section>\n\t\t\t\t\t<\/div>\n\t\t<\/div>\n\t\t\t\t\t\t\t<\/div>\n\t\t<\/section>\n\t\t\t\t\t\t\t<\/div>\n\t\t","protected":false},"excerpt":{"rendered":"<p>&#8216; 40 y\u0131l\u0131n uzmanl\u0131\u011f\u0131 ve tecr\u00fcbesiyle, dal\u0131ndan kopup ambalaj\u0131na girene kadar binbir \u00f6zenle haz\u0131rlad\u0131k. \u00a0 Afiyet \u015fifa olsun.&#8217; \u00a0 ORGAN\u0130K\u00c7\u0130\u011eFINDIK Bu pakette size d\u00fcnyaca\u00fcnl\u00fc f\u0131nd\u0131\u011f\u0131m\u0131z\u0131 sunmaktanmutluluk duyuyoruz. ORGAN\u0130K \u00c7\u0130\u011e FINDIK ORGAN\u0130KKAVRULMU\u015eFINDIK Bu pakette size d\u00fcnyaca\u00fcnl\u00fc f\u0131nd\u0131\u011f\u0131m\u0131z\u0131 sunmaktanmutluluk duyuyoruz. ORGAN\u0130K KAVRULMU\u015e FINDIK ORGAN\u0130K\u00c7\u0130FTE KAVRULMU\u015eFINDIK Bu pakette size d\u00fcnyaca\u00fcnl\u00fc f\u0131nd\u0131\u011f\u0131m\u0131z\u0131 sunmaktanmutluluk duyuyoruz. ORGAN\u0130K \u00c7\u0130FTE KAVRULMU\u015e FINDIK<\/p>\n","protected":false},"author":1,"featured_media":0,"parent":0,"menu_order":0,"comment_status":"closed","ping_status":"closed","template":"","meta":{"footnotes":""},"class_list":["post-297","page","type-page","status-publish","hentry"],"_links":{"self":[{"href":"https:\/\/hazelnutrepublic.com\/en\/wp-json\/wp\/v2\/pages\/297","targetHints":{"allow":["GET"]}}],"collection":[{"href":"https:\/\/hazelnutrepublic.com\/en\/wp-json\/wp\/v2\/pages"}],"about":[{"href":"https:\/\/hazelnutrepublic.com\/en\/wp-json\/wp\/v2\/types\/page"}],"author":[{"embeddable":true,"href":"https:\/\/hazelnutrepublic.com\/en\/wp-json\/wp\/v2\/users\/1"}],"replies":[{"embeddable":true,"href":"https:\/\/hazelnutrepublic.com\/en\/wp-json\/wp\/v2\/comments?post=297"}],"version-history":[{"count":205,"href":"https:\/\/hazelnutrepublic.com\/en\/wp-json\/wp\/v2\/pages\/297\/revisions"}],"predecessor-version":[{"id":4740,"href":"https:\/\/hazelnutrepublic.com\/en\/wp-json\/wp\/v2\/pages\/297\/revisions\/4740"}],"wp:attachment":[{"href":"https:\/\/hazelnutrepublic.com\/en\/wp-json\/wp\/v2\/media?parent=297"}],"curies":[{"name":"wp","href":"https:\/\/api.w.org\/{rel}","templated":true}]}}